{"id":49,"date":"2024-09-11T15:51:24","date_gmt":"2024-09-11T15:51:24","guid":{"rendered":"https:\/\/petermanninger.at\/?page_id=49"},"modified":"2024-11-28T09:58:44","modified_gmt":"2024-11-28T09:58:44","slug":"verkauf","status":"publish","type":"page","link":"https:\/\/petermanninger.at\/?page_id=49","title":{"rendered":"Verkauf"},"content":{"rendered":"\n<h5 class=\"wp-block-heading\"><strong>Alle Motive dieser Website k\u00f6nnen Sie k\u00e4uflich erwerben<\/strong> <\/h5>\n\n\n\n<p>(Nur in gedruckter Form erh\u00e4ltlich, kein Digitalverkauf)<\/p>\n\n\n\n<p>Standardposter:<br>90cm x 60cm Imageausdruck \u20ac 320,- Andere Formate sind m\u00f6glich.                                                               Zbsp 37x47cm gerahmt \u20ac 260,00                                                                                                                                  Neu: Bildband Venedig 30x40cm \u20ac 190,00                                                                                                                   Neu: Imageausdruck Venedig 50x50cm gerahmt \u20ac 320,00                                                    <\/p>\n\n\n\n<p>Bestellung und Versand:<br>Bitte schicken Sie mir Namen den Titel und die St\u00fcckzahl des gew\u00fcnschten Motivs, an: <a href=\"mailto:office@petermanninger.at?subject=Bildbestellung\">office@petermanninger.at<\/a><\/p>\n\n\n\n<p>Verpackung und Versand betragen \u20ac 22,- innerhalb \u00d6sterreichs.<\/p>\n\n\n\n<p><\/p>\n","protected":false},"excerpt":{"rendered":"<p>Alle Motive dieser Website k\u00f6nnen Sie k\u00e4uflich erwerben (Nur in gedruckter Form erh\u00e4ltlich, kein Digitalverkauf) Standardposter:90cm x 60cm Imageausdruck \u20ac 320,- Andere Formate sind m\u00f6glich. Zbsp 37x47cm gerahmt \u20ac 260,00 Neu: Bildband Venedig 30x40cm \u20ac 190,00 Neu: Imageausdruck Venedig 50x50cm gerahmt \u20ac 320,00 Bestellung und Versand:Bitte schicken Sie mir Namen den Titel und die St\u00fcckzahl des gew\u00fcnschten Motivs, an: office@petermanninger.at Verpackung und Versand betragen \u20ac 22,- innerhalb \u00d6sterreichs.<\/p>\n","protected":false},"author":1,"featured_media":0,"parent":0,"menu_order":0,"comment_status":"closed","ping_status":"closed","template":"","meta":{"footnotes":""},"class_list":["post-49","page","type-page","status-publish","hentry"],"acf":[],"_links":{"self":[{"href":"https:\/\/petermanninger.at\/index.php?rest_route=\/wp\/v2\/pages\/49","targetHints":{"allow":["GET"]}}],"collection":[{"href":"https:\/\/petermanninger.at\/index.php?rest_route=\/wp\/v2\/pages"}],"about":[{"href":"https:\/\/petermanninger.at\/index.php?rest_route=\/wp\/v2\/types\/page"}],"author":[{"embeddable":true,"href":"https:\/\/petermanninger.at\/index.php?rest_route=\/wp\/v2\/users\/1"}],"replies":[{"embeddable":true,"href":"https:\/\/petermanninger.at\/index.php?rest_route=%2Fwp%2Fv2%2Fcomments&post=49"}],"version-history":[{"count":8,"href":"https:\/\/petermanninger.at\/index.php?rest_route=\/wp\/v2\/pages\/49\/revisions"}],"predecessor-version":[{"id":649,"href":"https:\/\/petermanninger.at\/index.php?rest_route=\/wp\/v2\/pages\/49\/revisions\/649"}],"wp:attachment":[{"href":"https:\/\/petermanninger.at\/index.php?rest_route=%2Fwp%2Fv2%2Fmedia&parent=49"}],"curies":[{"name":"wp","href":"https:\/\/api.w.org\/{rel}","templated":true}]}}